{"id":35720,"date":"2022-07-21T15:45:41","date_gmt":"2022-07-21T13:45:41","guid":{"rendered":"https:\/\/www.oneteam.it\/informativa-privacy\/"},"modified":"2023-09-22T11:24:52","modified_gmt":"2023-09-22T09:24:52","slug":"informativa-privacy","status":"publish","type":"page","link":"https:\/\/www.oneteam.it\/en\/informativa-privacy\/","title":{"rendered":"Informativa Privacy"},"content":{"rendered":"\t\t<div data-elementor-type=\"wp-page\" data-elementor-id=\"35720\" class=\"elementor elementor-35720 elementor-35051\" data-elementor-post-type=\"page\">\n\t\t\t\t\t\t<section class=\"elementor-section elementor-top-section elementor-element elementor-element-9e4373e elementor-section-content-middle elementor-section-boxed elementor-section-height-default elementor-section-height-default\" data-id=\"9e4373e\" data-element_type=\"section\" data-settings=\"{&quot;background_background&quot;:&quot;classic&quot;}\">\n\t\t\t\t\t\t<div class=\"elementor-container elementor-column-gap-wider\">\n\t\t\t\t\t<div class=\"elementor-column elementor-col-100 elementor-top-column elementor-element elementor-element-835099b\" data-id=\"835099b\" data-element_type=\"column\">\n\t\t\t<div class=\"elementor-widget-wrap elementor-element-populated\">\n\t\t\t\t\t\t<div class=\"elementor-element elementor-element-0b7688b elementor-widget elementor-widget-heading\" data-id=\"0b7688b\" data-element_type=\"widget\" data-widget_type=\"heading.default\">\n\t\t\t\t<div class=\"elementor-widget-container\">\n\t\t\t<h3 class=\"elementor-heading-title elementor-size-default\">Privacy Policy Commerciale<\/h3>\t\t<\/div>\n\t\t\t\t<\/div>\n\t\t\t\t<div class=\"elementor-element elementor-element-e277a99 elementor-widget elementor-widget-text-editor\" data-id=\"e277a99\" data-element_type=\"widget\" data-widget_type=\"text-editor.default\">\n\t\t\t\t<div class=\"elementor-widget-container\">\n\t\t\t\t\t\t\t<p><strong>Informativa sul trattamento dei dati personali ai sensi dell&#8217;art. 13 del Regolamento UE 2016\/679 sulla protezione dei dati personali (&#8220;Regolamento&#8221;)<\/strong><\/p><p>La Societ\u00e0 One Team s.r.l., con sede legale in via Winckelmann 1 &#8211; 20146 MILANO (MI), Tel +39 0247719331, C.F.\/ P.I. 12272790150, in persona del legale rappresentante <em>Ing. Riccardo Perego<\/em>, in qualit\u00e0 di TITOLARE DEL TRATTAMENTO dei dati personali, sensibili o giudiziari (il <strong>&#8220;Titolare&#8221;) <\/strong>ai sensi dell&#8217;art. 13 del Regolamento 679\/2016, fornisce le seguenti informazioni definita <strong>informativa Privacy&#8221;.<\/strong><\/p><p><strong><u>Tipologia di dati trattati, finalit\u00e0 e base giuridica del trattamento<\/u><\/strong><\/p><p>I dati personali, sensibili o giudiziari conferiti alla nostra Societ\u00e0 anche attraverso differenti forme e modalit\u00e0 quali schede, o modulistica predisposta ad hoc, saranno trattati per tutti gli adempimenti contrattuali.<\/p><p><u>I dati conferiti potranno altres\u00ec essere trattati per le seguenti finalit\u00e0:<\/u><\/p><ol><li><u>gestione dei pagamenti ed eventuale inadempienza (recupero crediti e contenzioso);<\/u><\/li><li><u>accertare, esercitare o difendere un nostro diritto in sede giudiziaria;<\/u><\/li><li><u>adempimento di obblighi di legge, di normativa in materia fiscale o contabile (ad esempio fatturazione);<\/u><\/li><li><u>previo <strong>specifico e separato consenso<\/strong>, per lo svolgimento di attivit\u00e0 di carattere esclusivamente collegate a <em>promozione commerciale, <\/em><\/u><em><u>marketing o eventuali attivit\u00e0 di profilazione<\/u><\/em><em><u>.<\/u><\/em><\/li><\/ol><p>Il trattamento dei dati forniti \u00e8 ammesso in quanto:<\/p><ul><li>necessario all&#8217;esecuzione del contratto stipulato con la nostra Societ\u00e0 di cui l&#8217;interessato \u00e8 parte integrante;<\/li><li>necessario per adempiere le nostre responsabilit\u00e0 legali e\/o regolamentari, ad esempio in caso di comunicazione alle autorit\u00e0, enti governativi e\/o di regolamentazione;<\/li><li>necessario per avviare, portare avanti o difendersi in azioni legali;<\/li><li>per rappresentarvi nelle sedi opportune (se richiesto);<\/li><li>per adempiere ai differenti atti necessari e previsti dal contratto;<\/li><li>quando richiesto dalla normativa, basato sul consenso esplicito presente su specifico modello.<\/li><\/ul><p><strong><u>Natura del conferimento dei dati e conseguenze del rifiuto<\/u><\/strong><\/p><p>Il conferimento dei dati, ancorch\u00e9 facoltativo, \u00e8 necessario in relazione alle finalit\u00e0 sopra indicate. Nel caso di trattamento basato sul consenso, tale consenso viene ritenuto <u>necessario.<\/u> L&#8217;eventuale rifiuto, totale o parziale, di corrispondere i dati o di prestare il consenso laddove necessario, comporter\u00e0 l&#8217;impossibilit\u00e0 di perseguire le relative finalit\u00e0.<\/p><p><strong><u>Modalit\u00e0 di trattamento<\/u><\/strong><\/p><p>Il trattamento dei dati avviene con o senza l&#8217;ausilio di strumenti elettronici, automatizzati, informatici o telematici, con logiche strettamente correlate alle finalit\u00e0 sopra citate. Il trattamento dei dati sar\u00e0 effettuato in modo lecito e secondo correttezza e, comunque, in conformit\u00e0 alla normativa sopra richiamata, mediante strumenti idonei a garantirne la sicurezza e la riservatezza e potr\u00e0 essere effettuato anche attraverso strumenti automatizzati atti a memorizzare, gestire e trasmettere i dati stessi.<\/p><p><strong><u>Periodo di conservazione<\/u><\/strong><\/p><p>La societ\u00e0 One Team s.r.l. conserva i dati per il periodo necessario all\u2019adempimento di obblighi legali, contrattuali e\/o normativi. Il periodo di conservazione delle informazioni dipende dallo scopo per cui vengono trattati i dati e dagli strumenti con cui tali informazioni sono trattate. I criteri utilizzati per definire il periodo di conservazione sono il tempo necessario al conseguimento della relativa finalit\u00e0, il tempo necessario all&#8217;espletamento del rapporto contrattuale, il tempo richiesto dalle leggi applicabili in materia.<\/p><p>Al termine del periodo previsto di conservazione i dati saranno cancellati ovvero distrutti in modo sicuro ove possibile, o resi anonimi.<\/p><p><strong><u>Comunicazione e diffusione dei dati<\/u><\/strong><\/p><p>I dati non saranno diffusi a soggetti non noti. Potranno, invece, essere comunicati, qualora la comunicazione risulti necessaria e\/o funzionale allo svolgimento della nostra attivit\u00e0, nei modi e per le finalit\u00e0 sopra illustrate, a soggetti esterni, i quali effettuano attivit\u00e0 di trattamento in qualit\u00e0 di autonomi titolari oppure in qualit\u00e0 di responsabili, appartenenti alle seguenti categorie:<\/p><ol><li>societ\u00e0 a noi collegate per motivi operativi, societ\u00e0 di consulenza amministrativa, del lavoro, fiscale, legale e notarile per adempimenti di legge o per accertare, esercitare o difendere un nostro diritto in sede giudiziaria;<\/li><li>fornitori di servizi informatici;<\/li><li>enti pubblici e privati, anche a seguito di ispezioni, verifiche, gestione, per adempimenti di obblighi di legge e\/o di disposizioni di organi pubblici (es. amministrazione finanziaria, organi di polizia, autorit\u00e0 giudiziaria).<\/li><\/ol><p>I soggetti terzi che trattano dati per conto del TITOLARE sono stati adeguatamente selezionati e valutati e risultano dotati di esperienza, capacit\u00e0 e affidabilit\u00e0 offendo un\u2019idonea garanzia nel pieno rispetto delle vigenti disposizioni in materia di trattamento, ivi compreso il profilo della sicurezza dei dati.<\/p><p>Questi soggetti sono stati, come previsto dal regolamento, formalmente nominati attraverso uno specifico contratto o atto giuridico conforme al diritto nazionale quali responsabili del trattamento ai sensi dell&#8217;art.28 del Regolamento Europeo e sono soggetti ad obblighi contrattuali e normativi al fine di mantenere e garantire la riservatezza dei dati. Periodicamente la societ\u00e0 One Team s.r.l. verifica che i RESPONSABILI abbiano assolto puntualmente i compiti loro affidati e che continuino a prestare idonee garanzie del pieno rispetto delle disposizioni in materia di protezione dei dati personali, sensibili o giudiziari. Avranno, inoltre, unicamente accesso a quelle informazioni necessarie per lo svolgimento delle proprie funzioni.<\/p><p>I dati potranno essere comunicati a societ\u00e0 esterne, nominate formalmente con atto responsabili del trattamento, incaricate della fornitura di servizi di supporto che comportano il trattamento dei dati stessi, quali ad esempio servizi legali e recupero del credito, gestione e manutenzione dei sistemi informatici e delle banche dati che includono dati degli associati, servizi amministrativi e contabili, servizi di assistenza agli associati.<\/p><p>Un elenco di questi responsabili del trattamento \u00e8 sempre disponibile e reperibile contattando la nostra azienda attraverso l\u2019invio di una mail all\u2019indirizzo <a href=\"mailto:privacy@\">privacy@<\/a><u>oneteam.it. <\/u><\/p><p>Potranno, inoltre, conoscere e trattare i dati i dipendenti e collaboratori del Titolare appositamente autorizzati, ognuno nei limiti delle funzioni e mansioni svolte e secondo le istruzioni indicate nell&#8217;atto di designazione.<\/p><p><strong>DIRITTI<\/strong><\/p><p>Il regolamento Europeo prevede nello specifico che gli interessati abbiamo I seguenti diritti:<\/p><ul><li><strong><u>Diritti di accesso dell\u2019interessato (ART.15)<\/u><\/strong><\/li><li><strong><u>Diritto di rettifica dei dati (Art.16)<\/u><\/strong><\/li><li><strong><u>Diritto alla cancellazione, limitazione del trattamento e diritto all&#8217;oblio (Artt. 17 e 18)<\/u><\/strong><\/li><li><strong><u>Diritto alla portabilit\u00e0<\/u><\/strong><strong><u> (Art.20)<\/u><\/strong><\/li><li><strong><u>Diritto di opposizione (Art.21)<\/u><\/strong><\/li><li><strong><u>Diritto di proporre reclamo all\u2019autorit\u00e0 di controllo (Art.77)<\/u><\/strong><\/li><\/ul><p><strong>REVOCA DEL CONSENSO<\/strong><\/p><p>Si potr\u00e0 in qualsiasi momento revocare il consenso per le finalit\u00e0 di trattamento dei propri dati attraverso le modalit\u00e0 previste o direttamente attraverso l\u2019invio di una mail all\u2019indirizzo <a href=\"mailto:privacy@oneteam.it\">privacy@oneteam.it<\/a>. L\u2019eventuale revoca non pregiudicher\u00e0 in nessun modo la liceit\u00e0 del trattamento basato sul consenso prestato prima della revoca dello stesso.<\/p><p><strong>MODALIT\u00c0 DI ESERCIZIO DEI DIRITTI<\/strong><\/p><p>Si potr\u00e0, in qualsiasi momento, esercitare i propri diritti inviando un messaggio di posta elettronica all&#8217;indirizzo e-mail: <a href=\"mailto:privacy@oneteam.it\">privacy@oneteam.it<\/a>.<\/p><p><strong>CLAUSOLA DI REVISIONE<\/strong><\/p><p>One Team si riserva la possibilit\u00e0 di modificare\/aggiornare in ogni momento la presente informativa senza alcun preavviso. Ogni variazione sar\u00e0 consultabile sulla pagina web dedicata all\u2019indirizzo <a href=\"http:\/\/www.oneteam.it\">www.oneteam.it<\/a>.<\/p>\t\t\t\t\t\t<\/div>\n\t\t\t\t<\/div>\n\t\t\t\t<div class=\"elementor-element elementor-element-d64f60a elementor-widget elementor-widget-spacer\" data-id=\"d64f60a\" data-element_type=\"widget\" data-widget_type=\"spacer.default\">\n\t\t\t\t<div class=\"elementor-widget-container\">\n\t\t\t\t\t<div class=\"elementor-spacer\">\n\t\t\t<div class=\"elementor-spacer-inner\"><\/div>\n\t\t<\/div>\n\t\t\t\t<\/div>\n\t\t\t\t<\/div>\n\t\t\t\t\t<\/div>\n\t\t<\/div>\n\t\t\t\t\t<\/div>\n\t\t<\/section>\n\t\t\t\t<\/div>\n\t\t","protected":false},"excerpt":{"rendered":"<p>Privacy Policy Commerciale Informativa sul trattamento dei dati personali ai sensi dell&#8217;art. 13 del Regolamento UE 2016\/679 sulla protezione dei dati personali (&#8220;Regolamento&#8221;) La Societ\u00e0 One Team s.r.l., con sede legale in via Winckelmann 1 &#8211; 20146 MILANO (MI), Tel +39 0247719331, C.F.\/ P.I. 12272790150, in persona del legale rappresentante Ing. Riccardo Perego, in qualit\u00e0&hellip;<\/p>\n","protected":false},"author":9,"featured_media":0,"parent":0,"menu_order":20,"comment_status":"closed","ping_status":"closed","template":"elementor_header_footer","meta":{"footnotes":""},"class_list":["post-35720","page","type-page","status-publish","hentry"],"yoast_head":"<!-- This site is optimized with the Yoast SEO plugin v24.0 - https:\/\/yoast.com\/wordpress\/plugins\/seo\/ -->\n<title>Informativa Privacy - One Team<\/title>\n<meta name=\"description\" content=\"Informativa sul trattamento dei dati personali ai sensi dell\u2019art. 13 del Regolamento UE 2016\/679 sulla protezione dei dati personali (\u201cRegolamento\u201d)\" \/>\n<meta name=\"robots\" content=\"noindex, nofollow\" \/>\n<meta property=\"og:locale\" content=\"en_US\" \/>\n<meta property=\"og:type\" content=\"article\" \/>\n<meta property=\"og:title\" content=\"Informativa Privacy - One Team\" \/>\n<meta property=\"og:description\" content=\"Informativa sul trattamento dei dati personali ai sensi dell\u2019art. 13 del Regolamento UE 2016\/679 sulla protezione dei dati personali (\u201cRegolamento\u201d)\" \/>\n<meta property=\"og:url\" content=\"https:\/\/www.oneteam.it\/en\/informativa-privacy\/\" \/>\n<meta property=\"og:site_name\" content=\"One Team\" \/>\n<meta property=\"article:modified_time\" content=\"2023-09-22T09:24:52+00:00\" \/>\n<meta name=\"twitter:card\" content=\"summary_large_image\" \/>\n<meta name=\"twitter:label1\" content=\"Est. reading time\" \/>\n\t<meta name=\"twitter:data1\" content=\"5 minutes\" \/>\n<script type=\"application\/ld+json\" class=\"yoast-schema-graph\">{\"@context\":\"https:\/\/schema.org\",\"@graph\":[{\"@type\":\"WebPage\",\"@id\":\"https:\/\/www.oneteam.it\/en\/informativa-privacy\/\",\"url\":\"https:\/\/www.oneteam.it\/en\/informativa-privacy\/\",\"name\":\"Informativa Privacy - One Team\",\"isPartOf\":{\"@id\":\"https:\/\/www.oneteam.it\/#website\"},\"datePublished\":\"2022-07-21T13:45:41+00:00\",\"dateModified\":\"2023-09-22T09:24:52+00:00\",\"description\":\"Informativa sul trattamento dei dati personali ai sensi dell\u2019art. 13 del Regolamento UE 2016\/679 sulla protezione dei dati personali (\u201cRegolamento\u201d)\",\"inLanguage\":\"en-US\",\"potentialAction\":[{\"@type\":\"ReadAction\",\"target\":[\"https:\/\/www.oneteam.it\/en\/informativa-privacy\/\"]}]},{\"@type\":\"WebSite\",\"@id\":\"https:\/\/www.oneteam.it\/#website\",\"url\":\"https:\/\/www.oneteam.it\/\",\"name\":\"One Team\",\"description\":\"BIM, CAD, GIS &amp; PDM Solutions\",\"publisher\":{\"@id\":\"https:\/\/www.oneteam.it\/#organization\"},\"potentialAction\":[{\"@type\":\"SearchAction\",\"target\":{\"@type\":\"EntryPoint\",\"urlTemplate\":\"https:\/\/www.oneteam.it\/?s={search_term_string}\"},\"query-input\":{\"@type\":\"PropertyValueSpecification\",\"valueRequired\":true,\"valueName\":\"search_term_string\"}}],\"inLanguage\":\"en-US\"},{\"@type\":\"Organization\",\"@id\":\"https:\/\/www.oneteam.it\/#organization\",\"name\":\"One Team srl\",\"url\":\"https:\/\/www.oneteam.it\/\",\"logo\":{\"@type\":\"ImageObject\",\"inLanguage\":\"en-US\",\"@id\":\"https:\/\/www.oneteam.it\/#\/schema\/logo\/image\/\",\"url\":\"https:\/\/www.oneteam.it\/wp-content\/uploads\/2021\/05\/OneTeam.png\",\"contentUrl\":\"https:\/\/www.oneteam.it\/wp-content\/uploads\/2021\/05\/OneTeam.png\",\"width\":300,\"height\":85,\"caption\":\"One Team srl\"},\"image\":{\"@id\":\"https:\/\/www.oneteam.it\/#\/schema\/logo\/image\/\"}}]}<\/script>\n<!-- \/ Yoast SEO plugin. -->","yoast_head_json":{"title":"Informativa Privacy - One Team","description":"Informativa sul trattamento dei dati personali ai sensi dell\u2019art. 13 del Regolamento UE 2016\/679 sulla protezione dei dati personali (\u201cRegolamento\u201d)","robots":{"index":"noindex","follow":"nofollow"},"og_locale":"en_US","og_type":"article","og_title":"Informativa Privacy - One Team","og_description":"Informativa sul trattamento dei dati personali ai sensi dell\u2019art. 13 del Regolamento UE 2016\/679 sulla protezione dei dati personali (\u201cRegolamento\u201d)","og_url":"https:\/\/www.oneteam.it\/en\/informativa-privacy\/","og_site_name":"One Team","article_modified_time":"2023-09-22T09:24:52+00:00","twitter_card":"summary_large_image","twitter_misc":{"Est. reading time":"5 minutes"},"schema":{"@context":"https:\/\/schema.org","@graph":[{"@type":"WebPage","@id":"https:\/\/www.oneteam.it\/en\/informativa-privacy\/","url":"https:\/\/www.oneteam.it\/en\/informativa-privacy\/","name":"Informativa Privacy - One Team","isPartOf":{"@id":"https:\/\/www.oneteam.it\/#website"},"datePublished":"2022-07-21T13:45:41+00:00","dateModified":"2023-09-22T09:24:52+00:00","description":"Informativa sul trattamento dei dati personali ai sensi dell\u2019art. 13 del Regolamento UE 2016\/679 sulla protezione dei dati personali (\u201cRegolamento\u201d)","inLanguage":"en-US","potentialAction":[{"@type":"ReadAction","target":["https:\/\/www.oneteam.it\/en\/informativa-privacy\/"]}]},{"@type":"WebSite","@id":"https:\/\/www.oneteam.it\/#website","url":"https:\/\/www.oneteam.it\/","name":"One Team","description":"BIM, CAD, GIS &amp; PDM Solutions","publisher":{"@id":"https:\/\/www.oneteam.it\/#organization"},"potentialAction":[{"@type":"SearchAction","target":{"@type":"EntryPoint","urlTemplate":"https:\/\/www.oneteam.it\/?s={search_term_string}"},"query-input":{"@type":"PropertyValueSpecification","valueRequired":true,"valueName":"search_term_string"}}],"inLanguage":"en-US"},{"@type":"Organization","@id":"https:\/\/www.oneteam.it\/#organization","name":"One Team srl","url":"https:\/\/www.oneteam.it\/","logo":{"@type":"ImageObject","inLanguage":"en-US","@id":"https:\/\/www.oneteam.it\/#\/schema\/logo\/image\/","url":"https:\/\/www.oneteam.it\/wp-content\/uploads\/2021\/05\/OneTeam.png","contentUrl":"https:\/\/www.oneteam.it\/wp-content\/uploads\/2021\/05\/OneTeam.png","width":300,"height":85,"caption":"One Team srl"},"image":{"@id":"https:\/\/www.oneteam.it\/#\/schema\/logo\/image\/"}}]}},"_links":{"self":[{"href":"https:\/\/www.oneteam.it\/en\/wp-json\/wp\/v2\/pages\/35720"}],"collection":[{"href":"https:\/\/www.oneteam.it\/en\/wp-json\/wp\/v2\/pages"}],"about":[{"href":"https:\/\/www.oneteam.it\/en\/wp-json\/wp\/v2\/types\/page"}],"author":[{"embeddable":true,"href":"https:\/\/www.oneteam.it\/en\/wp-json\/wp\/v2\/users\/9"}],"replies":[{"embeddable":true,"href":"https:\/\/www.oneteam.it\/en\/wp-json\/wp\/v2\/comments?post=35720"}],"version-history":[{"count":4,"href":"https:\/\/www.oneteam.it\/en\/wp-json\/wp\/v2\/pages\/35720\/revisions"}],"predecessor-version":[{"id":38941,"href":"https:\/\/www.oneteam.it\/en\/wp-json\/wp\/v2\/pages\/35720\/revisions\/38941"}],"wp:attachment":[{"href":"https:\/\/www.oneteam.it\/en\/wp-json\/wp\/v2\/media?parent=35720"}],"curies":[{"name":"wp","href":"https:\/\/api.w.org\/{rel}","templated":true}]}}